{"id":274,"date":"2025-07-24T19:25:43","date_gmt":"2025-07-24T19:25:43","guid":{"rendered":"https:\/\/esteticaluisangelo.es\/?post_type=product&#038;p=274"},"modified":"2025-07-24T19:51:30","modified_gmt":"2025-07-24T19:51:30","slug":"crema-de-sebo-de-res","status":"publish","type":"product","link":"https:\/\/esteticaluisangelo.es\/?product=crema-de-sebo-de-res","title":{"rendered":"Crema Regeneradora Artesanal de Sebo de Res \u2013 Con Rosa Mosqueta, Arg\u00e1n y Vainilla"},"content":{"rendered":"<p>[et_pb_section fb_built=\u00bb1&#8243; _builder_version=\u00bb4.16&#8243; custom_padding=\u00bb0px||||false|false\u00bb global_colors_info=\u00bb{}\u00bb][et_pb_row _builder_version=\u00bb4.16&#8243; background_size=\u00bbinitial\u00bb background_position=\u00bbtop_left\u00bb background_repeat=\u00bbrepeat\u00bb width=\u00bb100%\u00bb custom_padding=\u00bb0px||0px||false|false\u00bb global_colors_info=\u00bb{}\u00bb][et_pb_column type=\u00bb4_4&#8243; _builder_version=\u00bb4.16&#8243; custom_padding=\u00bb|||\u00bb global_colors_info=\u00bb{}\u00bb custom_padding__hover=\u00bb|||\u00bb][et_pb_wc_breadcrumb _builder_version=\u00bb4.16&#8243; global_colors_info=\u00bb{}\u00bb][\/et_pb_wc_breadcrumb][et_pb_wc_cart_notice _builder_version=\u00bb4.27.4&#8243; background_color=\u00bb#B15A6F\u00bb background_enable_image=\u00bboff\u00bb global_colors_info=\u00bb{}\u00bb][\/et_pb_wc_cart_notice][\/et_pb_column][\/et_pb_row][et_pb_row column_structure=\u00bb1_2,1_2&#8243; _builder_version=\u00bb4.16&#8243; background_size=\u00bbinitial\u00bb background_position=\u00bbtop_left\u00bb background_repeat=\u00bbrepeat\u00bb width=\u00bb100%\u00bb custom_padding=\u00bb0px||||false|false\u00bb global_colors_info=\u00bb{}\u00bb][et_pb_column type=\u00bb1_2&#8243; _builder_version=\u00bb4.16&#8243; custom_padding=\u00bb|||\u00bb global_colors_info=\u00bb{}\u00bb custom_padding__hover=\u00bb|||\u00bb][et_pb_wc_images _builder_version=\u00bb4.16&#8243; global_colors_info=\u00bb{}\u00bb][\/et_pb_wc_images][\/et_pb_column][et_pb_column type=\u00bb1_2&#8243; _builder_version=\u00bb4.16&#8243; custom_padding=\u00bb|||\u00bb global_colors_info=\u00bb{}\u00bb custom_padding__hover=\u00bb|||\u00bb][et_pb_wc_title _builder_version=\u00bb4.16&#8243; global_colors_info=\u00bb{}\u00bb][\/et_pb_wc_title][et_pb_wc_rating _builder_version=\u00bb4.27.4&#8243; rating_text_color=\u00bb#B2923D\u00bb global_colors_info=\u00bb{}\u00bb][\/et_pb_wc_rating][et_pb_wc_price _builder_version=\u00bb4.27.4&#8243; body_text_color=\u00bb#B15A6F\u00bb global_colors_info=\u00bb{}\u00bb][\/et_pb_wc_price][et_pb_wc_description _builder_version=\u00bb4.16&#8243; global_colors_info=\u00bb{}\u00bb][\/et_pb_wc_description][et_pb_wc_add_to_cart _builder_version=\u00bb4.27.4&#8243; custom_button=\u00bbon\u00bb button_text_color=\u00bb#B2923D\u00bb button_bg_color=\u00bb#DAEEE2&#8243; button_border_color=\u00bb#B2923D\u00bb button_font=\u00bb|||on|||||\u00bb button_use_icon=\u00bboff\u00bb box_shadow_style_button=\u00bbpreset3&#8243; global_colors_info=\u00bb{}\u00bb][\/et_pb_wc_add_to_cart][et_pb_wc_meta _builder_version=\u00bb4.16&#8243; global_colors_info=\u00bb{}\u00bb][\/et_pb_wc_meta][\/et_pb_column][\/et_pb_row][et_pb_row _builder_version=\u00bb4.16&#8243; background_size=\u00bbinitial\u00bb background_position=\u00bbtop_left\u00bb background_repeat=\u00bbrepeat\u00bb width=\u00bb100%\u00bb global_colors_info=\u00bb{}\u00bb][et_pb_column type=\u00bb4_4&#8243; _builder_version=\u00bb4.16&#8243; custom_padding=\u00bb|||\u00bb global_colors_info=\u00bb{}\u00bb custom_padding__hover=\u00bb|||\u00bb][et_pb_wc_tabs include_tabs=\u00bbdescription|\u00bb _builder_version=\u00bb4.27.4&#8243; global_colors_info=\u00bb{}\u00bb] [\/et_pb_wc_tabs][et_pb_wc_upsells _builder_version=\u00bb4.16&#8243; global_colors_info=\u00bb{}\u00bb][\/et_pb_wc_upsells][et_pb_wc_related_products _builder_version=\u00bb4.16&#8243; global_colors_info=\u00bb{}\u00bb][\/et_pb_wc_related_products][\/et_pb_column][\/et_pb_row][\/et_pb_section]<\/p>\n","protected":false},"excerpt":{"rendered":"<p>Crema natural y artesanal de origen colombiano, elaborada con sebo de res, rosa mosqueta, arg\u00e1n y un toque de vainilla. Nutre, regenera y protege la piel de forma profunda. Ideal para pieles secas, cicatrices y postoperatorios.<\/p>\n","protected":false},"featured_media":275,"comment_status":"open","ping_status":"closed","template":"","meta":{"_et_pb_use_builder":"on","_et_pb_old_content":"<h3 data-start=\"595\" data-end=\"638\"><strong data-start=\"602\" data-end=\"638\">DESCRIPCI\u00d3N LARGA (WooCommerce):<\/strong><\/h3>\r\n<p data-start=\"640\" data-end=\"827\">Descubre el poder ancestral de la cosm\u00e9tica natural con nuestra <strong data-start=\"704\" data-end=\"741\">crema regeneradora de sebo de res<\/strong>, una f\u00f3rmula artesanal inspirada en el saber tradicional colombiano. Enriquecida con:<\/p>\r\n\r\n<ul data-start=\"829\" data-end=\"1263\">\r\n \t<li data-start=\"829\" data-end=\"896\">\r\n<p data-start=\"831\" data-end=\"896\">\ud83e\udd69 <strong data-start=\"834\" data-end=\"849\">Seb\u00f3 de res<\/strong>: base nutritiva y emoliente de alta absorci\u00f3n.<\/p>\r\n<\/li>\r\n \t<li data-start=\"897\" data-end=\"1011\">\r\n<p data-start=\"899\" data-end=\"1011\">\ud83c\udf39 <strong data-start=\"902\" data-end=\"929\">Aceite de rosa mosqueta<\/strong>: estimula la regeneraci\u00f3n celular y mejora la apariencia de cicatrices y estr\u00edas.<\/p>\r\n<\/li>\r\n \t<li data-start=\"1012\" data-end=\"1081\">\r\n<p data-start=\"1014\" data-end=\"1081\">\ud83c\udf30 <strong data-start=\"1017\" data-end=\"1036\">Aceite de arg\u00e1n<\/strong>: aporta elasticidad, luminosidad y suavidad.<\/p>\r\n<\/li>\r\n \t<li data-start=\"1082\" data-end=\"1176\">\r\n<p data-start=\"1084\" data-end=\"1176\">\ud83c\udf66 <strong data-start=\"1087\" data-end=\"1119\">Extracto natural de vainilla<\/strong>: aroma c\u00e1lido y relajante con propiedades antioxidantes.<\/p>\r\n<\/li>\r\n \t<li data-start=\"1177\" data-end=\"1263\">\r\n<p data-start=\"1179\" data-end=\"1263\">\ud83d\udca7 <strong data-start=\"1182\" data-end=\"1196\">Vitamina E<\/strong>: combate el envejecimiento prematuro y protege la barrera cut\u00e1nea.<\/p>\r\n<\/li>\r\n<\/ul>\r\n<p data-start=\"1265\" data-end=\"1511\">Ideal para tratamientos postoperatorios, pieles sensibles o zonas especialmente resecas. Textura densa pero de r\u00e1pida absorci\u00f3n, sin aditivos sint\u00e9ticos ni conservantes artificiales.<br data-start=\"1447\" data-end=\"1450\" \/><strong data-start=\"1450\" data-end=\"1511\">Producto 100% natural, libre de parabenos y cruelty free.<\/strong><\/p>","_et_gb_content_width":""},"product_brand":[],"product_cat":[18],"product_tag":[],"class_list":{"0":"post-274","1":"product","2":"type-product","3":"status-publish","4":"has-post-thumbnail","6":"product_cat-sin-categorizar","8":"first","9":"instock","10":"shipping-taxable","11":"purchasable","12":"product-type-simple"},"jetpack_sharing_enabled":true,"_links":{"self":[{"href":"https:\/\/esteticaluisangelo.es\/index.php?rest_route=\/wp\/v2\/product\/274","targetHints":{"allow":["GET"]}}],"collection":[{"href":"https:\/\/esteticaluisangelo.es\/index.php?rest_route=\/wp\/v2\/product"}],"about":[{"href":"https:\/\/esteticaluisangelo.es\/index.php?rest_route=\/wp\/v2\/types\/product"}],"replies":[{"embeddable":true,"href":"https:\/\/esteticaluisangelo.es\/index.php?rest_route=%2Fwp%2Fv2%2Fcomments&post=274"}],"wp:featuredmedia":[{"embeddable":true,"href":"https:\/\/esteticaluisangelo.es\/index.php?rest_route=\/wp\/v2\/media\/275"}],"wp:attachment":[{"href":"https:\/\/esteticaluisangelo.es\/index.php?rest_route=%2Fwp%2Fv2%2Fmedia&parent=274"}],"wp:term":[{"taxonomy":"product_brand","embeddable":true,"href":"https:\/\/esteticaluisangelo.es\/index.php?rest_route=%2Fwp%2Fv2%2Fproduct_brand&post=274"},{"taxonomy":"product_cat","embeddable":true,"href":"https:\/\/esteticaluisangelo.es\/index.php?rest_route=%2Fwp%2Fv2%2Fproduct_cat&post=274"},{"taxonomy":"product_tag","embeddable":true,"href":"https:\/\/esteticaluisangelo.es\/index.php?rest_route=%2Fwp%2Fv2%2Fproduct_tag&post=274"}],"curies":[{"name":"wp","href":"https:\/\/api.w.org\/{rel}","templated":true}]}}